{"id":2143,"date":"2023-06-22T10:11:35","date_gmt":"2023-06-22T08:11:35","guid":{"rendered":"https:\/\/myfairnet.shop\/?post_type=product&#038;p=2143"},"modified":"2026-02-26T14:43:26","modified_gmt":"2026-02-26T13:43:26","slug":"feuerzeug","status":"publish","type":"product","link":"https:\/\/myfairnet.shop\/en\/produkt\/feuerzeug\/","title":{"rendered":"Feuerzeug elektronisch"},"content":{"rendered":"<p>Kleines, kompaktes Feuerzeug f\u00fcr Raucher und nat\u00fcrlich auch Nichtraucher. Das Feuerzeug passt durch seine kompakte Bauweise in jede Hosen- oder Jackentasche. Nat\u00fcrlich ist das Feuerzeug auch nachf\u00fcllbar.<\/p>\n","protected":false},"excerpt":{"rendered":"<p>Kleines, kompaktes Feuerzeug f\u00fcr Raucher und nat\u00fcrlich auch Nichtraucher. Das Feuerzeug passt durch seine kompakte Bauweise in jede Hosen- oder Jackentasche. Nat\u00fcrlich ist das Feuerzeug auch nachf\u00fcllbar.<\/p>\n","protected":false},"featured_media":8233,"template":"","meta":[],"product_brand":[],"product_cat":[176,15],"product_tag":[],"class_list":{"0":"post-2143","1":"product","2":"type-product","3":"status-publish","4":"has-post-thumbnail","6":"product_cat-alles","7":"product_cat-gedoens","9":"first","10":"instock","11":"taxable","12":"shipping-taxable","13":"purchasable","14":"product-type-simple"},"_links":{"self":[{"href":"https:\/\/myfairnet.shop\/en\/wp-json\/wp\/v2\/product\/2143","targetHints":{"allow":["GET"]}}],"collection":[{"href":"https:\/\/myfairnet.shop\/en\/wp-json\/wp\/v2\/product"}],"about":[{"href":"https:\/\/myfairnet.shop\/en\/wp-json\/wp\/v2\/types\/product"}],"version-history":[{"count":2,"href":"https:\/\/myfairnet.shop\/en\/wp-json\/wp\/v2\/product\/2143\/revisions"}],"predecessor-version":[{"id":7734,"href":"https:\/\/myfairnet.shop\/en\/wp-json\/wp\/v2\/product\/2143\/revisions\/7734"}],"wp:featuredmedia":[{"embeddable":true,"href":"https:\/\/myfairnet.shop\/en\/wp-json\/wp\/v2\/media\/8233"}],"wp:attachment":[{"href":"https:\/\/myfairnet.shop\/en\/wp-json\/wp\/v2\/media?parent=2143"}],"wp:term":[{"taxonomy":"product_brand","embeddable":true,"href":"https:\/\/myfairnet.shop\/en\/wp-json\/wp\/v2\/product_brand?post=2143"},{"taxonomy":"product_cat","embeddable":true,"href":"https:\/\/myfairnet.shop\/en\/wp-json\/wp\/v2\/product_cat?post=2143"},{"taxonomy":"product_tag","embeddable":true,"href":"https:\/\/myfairnet.shop\/en\/wp-json\/wp\/v2\/product_tag?post=2143"}],"curies":[{"name":"wp","href":"https:\/\/api.w.org\/{rel}","templated":true}]}}