{"id":2147,"date":"2023-06-22T10:11:38","date_gmt":"2023-06-22T08:11:38","guid":{"rendered":"https:\/\/myfairnet.shop\/?post_type=product&#038;p=2147"},"modified":"2026-04-07T09:42:03","modified_gmt":"2026-04-07T07:42:03","slug":"kaffetasse-emalliert","status":"publish","type":"product","link":"https:\/\/myfairnet.shop\/en\/produkt\/kaffetasse-emalliert\/","title":{"rendered":"Becher emalliert blau"},"content":{"rendered":"<p>Emaillierte Metallbecher feiern ihr gro\u00dfes Comeback. Schon unsere Gro\u00dfeltern hatten die Metallbecher in ihrem K\u00fcchenschrank. Jetzt gibt es diesen coolen Becher mit sch\u00f6nem FAIRPLAY Logo in kr\u00e4ftigem blau. \u00c4u\u00dferst stabil ist er f\u00fcr nahezu alle Eins\u00e4tze geeignet.<\/p>\n","protected":false},"excerpt":{"rendered":"<p>Emaillierte Metallbecher feiern ihr gro\u00dfes Comeback. Schon unsere Gro\u00dfeltern hatten die Metallbecher in ihrem K\u00fcchenschrank. Jetzt gibt es diesen coolen Becher mit sch\u00f6nem FAIRPLAY Logo in kr\u00e4ftigem blau. \u00c4u\u00dferst stabil ist er f\u00fcr nahezu alle Eins\u00e4tze geeignet.<\/p>\n","protected":false},"featured_media":8091,"template":"","meta":[],"product_brand":[],"product_cat":[176,15],"product_tag":[],"class_list":{"0":"post-2147","1":"product","2":"type-product","3":"status-publish","4":"has-post-thumbnail","6":"product_cat-alles","7":"product_cat-gedoens","9":"first","10":"instock","11":"taxable","12":"shipping-taxable","13":"purchasable","14":"product-type-simple"},"_links":{"self":[{"href":"https:\/\/myfairnet.shop\/en\/wp-json\/wp\/v2\/product\/2147","targetHints":{"allow":["GET"]}}],"collection":[{"href":"https:\/\/myfairnet.shop\/en\/wp-json\/wp\/v2\/product"}],"about":[{"href":"https:\/\/myfairnet.shop\/en\/wp-json\/wp\/v2\/types\/product"}],"version-history":[{"count":6,"href":"https:\/\/myfairnet.shop\/en\/wp-json\/wp\/v2\/product\/2147\/revisions"}],"predecessor-version":[{"id":9371,"href":"https:\/\/myfairnet.shop\/en\/wp-json\/wp\/v2\/product\/2147\/revisions\/9371"}],"wp:featuredmedia":[{"embeddable":true,"href":"https:\/\/myfairnet.shop\/en\/wp-json\/wp\/v2\/media\/8091"}],"wp:attachment":[{"href":"https:\/\/myfairnet.shop\/en\/wp-json\/wp\/v2\/media?parent=2147"}],"wp:term":[{"taxonomy":"product_brand","embeddable":true,"href":"https:\/\/myfairnet.shop\/en\/wp-json\/wp\/v2\/product_brand?post=2147"},{"taxonomy":"product_cat","embeddable":true,"href":"https:\/\/myfairnet.shop\/en\/wp-json\/wp\/v2\/product_cat?post=2147"},{"taxonomy":"product_tag","embeddable":true,"href":"https:\/\/myfairnet.shop\/en\/wp-json\/wp\/v2\/product_tag?post=2147"}],"curies":[{"name":"wp","href":"https:\/\/api.w.org\/{rel}","templated":true}]}}