{"id":2162,"date":"2023-06-22T10:11:49","date_gmt":"2023-06-22T08:11:49","guid":{"rendered":"https:\/\/myfairnet.shop\/produkt\/schluesselanhaenger\/"},"modified":"2026-04-04T15:29:27","modified_gmt":"2026-04-04T13:29:27","slug":"schluesselanhaenger","status":"publish","type":"product","link":"https:\/\/myfairnet.shop\/en\/produkt\/schluesselanhaenger\/","title":{"rendered":"Schl\u00fcsselanh\u00e4nger"},"content":{"rendered":"<p>Ein cooles Accessoire ist unser FAIRPLAY Hangtag. Der leuchtend blaue Untergrund ist beidseitig bestickt mit #STRONGCONNECTION und FAIRPLAY TOWAGE GROUP. Nat\u00fcrlich ist unser FAIRPLAY Stern ebenfalls beidseitig aufgestickt. Der Schl\u00fcsselanh\u00e4nger ist hochwertig verarbeitet und mit Schl\u00fcsselring versehen<\/p>\n","protected":false},"excerpt":{"rendered":"<p>Ein cooles Accessoire ist unser FAIRPLAY Hangtag. Der leuchtend blaue Untergrund ist beidseitig bestickt mit #STRONGCONNECTION und FAIRPLAY TOWAGE GROUP. Nat\u00fcrlich ist unser FAIRPLAY Stern ebenfalls beidseitig aufgestickt. Der Schl\u00fcsselanh\u00e4nger ist hochwertig verarbeitet und mit Schl\u00fcsselring versehen<\/p>\n","protected":false},"featured_media":8269,"template":"","meta":[],"product_brand":[],"product_cat":[176,15],"product_tag":[],"class_list":{"0":"post-2162","1":"product","2":"type-product","3":"status-publish","4":"has-post-thumbnail","6":"product_cat-alles","7":"product_cat-gedoens","9":"first","10":"instock","11":"taxable","12":"shipping-taxable","13":"purchasable","14":"product-type-simple"},"_links":{"self":[{"href":"https:\/\/myfairnet.shop\/en\/wp-json\/wp\/v2\/product\/2162","targetHints":{"allow":["GET"]}}],"collection":[{"href":"https:\/\/myfairnet.shop\/en\/wp-json\/wp\/v2\/product"}],"about":[{"href":"https:\/\/myfairnet.shop\/en\/wp-json\/wp\/v2\/types\/product"}],"version-history":[{"count":2,"href":"https:\/\/myfairnet.shop\/en\/wp-json\/wp\/v2\/product\/2162\/revisions"}],"predecessor-version":[{"id":5809,"href":"https:\/\/myfairnet.shop\/en\/wp-json\/wp\/v2\/product\/2162\/revisions\/5809"}],"wp:featuredmedia":[{"embeddable":true,"href":"https:\/\/myfairnet.shop\/en\/wp-json\/wp\/v2\/media\/8269"}],"wp:attachment":[{"href":"https:\/\/myfairnet.shop\/en\/wp-json\/wp\/v2\/media?parent=2162"}],"wp:term":[{"taxonomy":"product_brand","embeddable":true,"href":"https:\/\/myfairnet.shop\/en\/wp-json\/wp\/v2\/product_brand?post=2162"},{"taxonomy":"product_cat","embeddable":true,"href":"https:\/\/myfairnet.shop\/en\/wp-json\/wp\/v2\/product_cat?post=2162"},{"taxonomy":"product_tag","embeddable":true,"href":"https:\/\/myfairnet.shop\/en\/wp-json\/wp\/v2\/product_tag?post=2162"}],"curies":[{"name":"wp","href":"https:\/\/api.w.org\/{rel}","templated":true}]}}