{"id":7542,"date":"2024-04-27T17:00:38","date_gmt":"2024-04-27T15:00:38","guid":{"rendered":"https:\/\/myfairnet.shop\/?post_type=product&#038;p=7542"},"modified":"2026-01-24T09:43:47","modified_gmt":"2026-01-24T08:43:47","slug":"badelatschen-fply-design","status":"publish","type":"product","link":"https:\/\/myfairnet.shop\/en\/produkt\/badelatschen-fply-design\/","title":{"rendered":"Badelatschen FPLY Design"},"content":{"rendered":"<p>Bereit, deinen l\u00e4ssigen Look auf die n\u00e4chste Stufe zu heben? Unsere blauen PVC Badeschlappen mit FPLY Aufdruck sind die perfekte Erg\u00e4nzung f\u00fcr deinen Style! Zusammen mit unserem Bucket Hat ist es die ultimative Outfit Kombi. Die Badeschlappen sind nicht nur sehr bequem, sondern auch extrem robust. Ihr PVC-Material sorgt daf\u00fcr, dass sie den t\u00e4glichen Belastungen standhalten, egal ob du Sie in der Freizeit an Bord tr\u00e4gst, oder sie zu Hause verwendung finden. Die rutschfeste Sohle sorgt f\u00fcr sicheren Halt, egal wohin dich dein Tag f\u00fchrt.<\/p>\n","protected":false},"excerpt":{"rendered":"<p>Bereit, deinen l\u00e4ssigen Look auf die n\u00e4chste Stufe zu heben? Unsere blauen PVC Badeschlappen mit FPLY Aufdruck sind die perfekte Erg\u00e4nzung f\u00fcr deinen Style! Zusammen mit unserem Bucket Hat ist es die ultimative Outfit Kombi. Die Badeschlappen sind nicht nur sehr bequem, sondern auch extrem robust. Ihr PVC-Material sorgt daf\u00fcr, dass sie den t\u00e4glichen Belastungen [&hellip;]<\/p>\n","protected":false},"featured_media":12618,"template":"","meta":[],"product_brand":[],"product_cat":[176,153,154,155,15],"product_tag":[],"class_list":{"0":"post-7542","1":"product","2":"type-product","3":"status-publish","4":"has-post-thumbnail","6":"product_cat-alles","7":"product_cat-klamotten","8":"product_cat-deerns","9":"product_cat-jungs","10":"product_cat-gedoens","12":"first","13":"instock","14":"taxable","15":"shipping-taxable","16":"purchasable","17":"product-type-variable","18":"has-default-attributes"},"_links":{"self":[{"href":"https:\/\/myfairnet.shop\/en\/wp-json\/wp\/v2\/product\/7542","targetHints":{"allow":["GET"]}}],"collection":[{"href":"https:\/\/myfairnet.shop\/en\/wp-json\/wp\/v2\/product"}],"about":[{"href":"https:\/\/myfairnet.shop\/en\/wp-json\/wp\/v2\/types\/product"}],"version-history":[{"count":8,"href":"https:\/\/myfairnet.shop\/en\/wp-json\/wp\/v2\/product\/7542\/revisions"}],"predecessor-version":[{"id":12734,"href":"https:\/\/myfairnet.shop\/en\/wp-json\/wp\/v2\/product\/7542\/revisions\/12734"}],"wp:featuredmedia":[{"embeddable":true,"href":"https:\/\/myfairnet.shop\/en\/wp-json\/wp\/v2\/media\/12618"}],"wp:attachment":[{"href":"https:\/\/myfairnet.shop\/en\/wp-json\/wp\/v2\/media?parent=7542"}],"wp:term":[{"taxonomy":"product_brand","embeddable":true,"href":"https:\/\/myfairnet.shop\/en\/wp-json\/wp\/v2\/product_brand?post=7542"},{"taxonomy":"product_cat","embeddable":true,"href":"https:\/\/myfairnet.shop\/en\/wp-json\/wp\/v2\/product_cat?post=7542"},{"taxonomy":"product_tag","embeddable":true,"href":"https:\/\/myfairnet.shop\/en\/wp-json\/wp\/v2\/product_tag?post=7542"}],"curies":[{"name":"wp","href":"https:\/\/api.w.org\/{rel}","templated":true}]}}